{"id":1247,"date":"2022-10-06T23:48:07","date_gmt":"2022-10-06T21:48:07","guid":{"rendered":"http:\/\/psychoterapia.jestemija.pl\/?page_id=1247"},"modified":"2023-01-15T20:09:29","modified_gmt":"2023-01-15T19:09:29","slug":"psycholog-specjalizacja-seksuologia-kliniczna","status":"publish","type":"page","link":"http:\/\/psychoterapia.jestemija.pl\/index.php\/psycholog-specjalizacja-seksuologia-kliniczna\/","title":{"rendered":"Psycholog\/ specjalizacja seksuologia kliniczna"},"content":{"rendered":"\n<p class=\"has-light-green-cyan-background-color has-text-color has-background has-medium-font-size\" style=\"color:#011a25\"><strong>Monika Zieli\u0144ska<\/strong>\r\n<span style=\"float:right\"><span class=\"collapseomatic \" id=\"id6a05053917d23\"  tabindex=\"0\" title=\"\"    ><\/span><div id=\"target-id6a05053917d23\" class=\"collapseomatic_content \">\n\n\n\n<div class=\"wp-block-group\"><div class=\"wp-block-group__inner-container is-layout-flow wp-block-group-is-layout-flow\">\n<div class=\"wp-block-image\"><figure class=\"alignright size-large is-resized\"><img loading=\"lazy\" decoding=\"async\" src=\"http:\/\/psychoterapia.jestemija.pl\/wp-content\/uploads\/2023\/01\/IMG-20221106-WA0000-1-1-682x1024.jpg\" alt=\"\" class=\"wp-image-1308\" width=\"195\" height=\"293\" srcset=\"http:\/\/psychoterapia.jestemija.pl\/wp-content\/uploads\/2023\/01\/IMG-20221106-WA0000-1-1-682x1024.jpg 682w, http:\/\/psychoterapia.jestemija.pl\/wp-content\/uploads\/2023\/01\/IMG-20221106-WA0000-1-1-200x300.jpg 200w, http:\/\/psychoterapia.jestemija.pl\/wp-content\/uploads\/2023\/01\/IMG-20221106-WA0000-1-1-768x1152.jpg 768w, http:\/\/psychoterapia.jestemija.pl\/wp-content\/uploads\/2023\/01\/IMG-20221106-WA0000-1-1.jpg 875w\" sizes=\"auto, (max-width: 195px) 100vw, 195px\" \/><\/figure><\/div>\n\n\n\n<p><strong>Psycholog, edukatorka seksualna<\/strong> <\/p>\n<\/div><\/div>\n\n\n\n<ul class=\"wp-block-list\"><li>uko\u0144czy\u0142a psychologi\u0119 na Uniwersytecie im. Adama Mickiewicza w Poznaniu, specjalno\u015b\u0107: 1)&nbsp;Seksuologia kliniczna&nbsp;oraz 2)&nbsp;Psychologia kryminologiczna i kryminalistyczna<\/li><li>poszerzy\u0142a swoj\u0105 wiedz\u0119 ko\u0144cz\u0105c studia podyplomowe na kierunku&nbsp;Seksuologia Kliniczna &#8211; Opiniowanie, Edukacja, Terapia&nbsp;(UAM w Poznaniu)<\/li><li>absolwentka studi\u00f3w podyplomowych w zakresie przygotowania pedagogicznego dla psycholog\u00f3w<\/li><li>do\u015bwiadczenie zdobywa\u0142a w pracy na p\u00f3\u0142koloniach, w szkole podstawowej oraz podczas warsztat\u00f3w tematycznych<\/li><li>prowadzi psychoedukacj\u0119 i edukacj\u0119 seksualn\u0105, poradnictwo oraz diagnoz\u0119<\/li><li>prywatnie interesuje si\u0119 zagadnieniem profilowania sprawc\u00f3w, jest szcz\u0119\u015bliw\u0105 \u017con\u0105 oraz mi\u0142o\u015bniczk\u0105 muzyki i zwierz\u0105t&#8221;<\/li><\/ul>\n\n\n<\/div>\n","protected":false},"excerpt":{"rendered":"<p>Monika Zieli\u0144ska<\/p>\n","protected":false},"author":1,"featured_media":0,"parent":0,"menu_order":0,"comment_status":"closed","ping_status":"closed","template":"","meta":{"ngg_post_thumbnail":0,"footnotes":""},"class_list":["post-1247","page","type-page","status-publish","hentry"],"_links":{"self":[{"href":"http:\/\/psychoterapia.jestemija.pl\/index.php\/wp-json\/wp\/v2\/pages\/1247","targetHints":{"allow":["GET"]}}],"collection":[{"href":"http:\/\/psychoterapia.jestemija.pl\/index.php\/wp-json\/wp\/v2\/pages"}],"about":[{"href":"http:\/\/psychoterapia.jestemija.pl\/index.php\/wp-json\/wp\/v2\/types\/page"}],"author":[{"embeddable":true,"href":"http:\/\/psychoterapia.jestemija.pl\/index.php\/wp-json\/wp\/v2\/users\/1"}],"replies":[{"embeddable":true,"href":"http:\/\/psychoterapia.jestemija.pl\/index.php\/wp-json\/wp\/v2\/comments?post=1247"}],"version-history":[{"count":2,"href":"http:\/\/psychoterapia.jestemija.pl\/index.php\/wp-json\/wp\/v2\/pages\/1247\/revisions"}],"predecessor-version":[{"id":1309,"href":"http:\/\/psychoterapia.jestemija.pl\/index.php\/wp-json\/wp\/v2\/pages\/1247\/revisions\/1309"}],"wp:attachment":[{"href":"http:\/\/psychoterapia.jestemija.pl\/index.php\/wp-json\/wp\/v2\/media?parent=1247"}],"curies":[{"name":"wp","href":"https:\/\/api.w.org\/{rel}","templated":true}]}}