{"id":1404,"date":"2023-09-09T14:20:25","date_gmt":"2023-09-09T12:20:25","guid":{"rendered":"http:\/\/psychoterapia.jestemija.pl\/?page_id=1404"},"modified":"2025-08-29T16:13:07","modified_gmt":"2025-08-29T14:13:07","slug":"diagnozy-2","status":"publish","type":"page","link":"http:\/\/psychoterapia.jestemija.pl\/index.php\/diagnozy-2\/","title":{"rendered":"Diagnozy"},"content":{"rendered":"\n<ol class=\"wp-block-list\">\n<li>Op\u0142at\u0119 rezerwacyjn\u0105 na poczet DIAGNOZY wysoko\u015bci <strong>50z\u0142 <\/strong>nale\u017cy wnie\u015b\u0107 z g\u00f3ry ( do&nbsp;<strong>48 h<\/strong>&nbsp;<strong>po rejestracji<\/strong> ) \u2013na konto<br>konto poradni : 88 1050 1559 1000 0092 2218 5010<br><em>Wp\u0142ata na konto <strong>powinna by\u0107 opisana<\/strong>: imi\u0119 i nazwisko dziecka, data badania oraz za jak\u0105 us\u0142ug\u0119&nbsp;&nbsp;&nbsp;&nbsp; &nbsp;&nbsp;&nbsp;&nbsp;&nbsp;<\/em><br>-lub przez szybki przelew(system booksy ,imoje)<br>Brak wniesienia op\u0142aty rezerwacyjnej <strong>skutkuje anulowaniem wizyty<\/strong> i zwolnieniem terminu<\/li>\n\n\n\n<li>Odwo\u0142anie wizyty\n<ul class=\"wp-block-list\">\n<li>Odwo\u0142anie diagnozy ( tak\u017ce przeniesienie na inny termin) bez ponoszenia op\u0142at mo\u017cliwe jest do&nbsp;<strong><u>48h<\/u><\/strong>&nbsp;przed wizyt\u0105. (max 3 dni przed wizyt\u0105)<\/li>\n\n\n\n<li><span style=\"color: initial;\">Odwo\u0142anie\/przeniesienie diagnozy 48h(2dni) przed wizyt\u0105 skutkuje pobraniem op\u0142aty 50% op\u0142aty rezerwacyjnej<\/span><\/li>\n\n\n\n<li><span style=\"color: initial;\">Op\u0142ata rezerwacyjna jest bezzwrotna je\u015bli odwo\u0142anie nast\u0105pi 24h(1dzie\u0144) przed wizyt\u0105&nbsp; lub w dniu wizyty<\/span><\/li>\n\n\n\n<li><span style=\"color: initial;\">W przypadku nag\u0142ej choroby (<\/span><strong style=\"color: initial;\">wy\u0142\u0105cznie po\u015bwiadczonej za\u015bwiadczeniem lekarskim<\/strong><span style=\"color: initial;\">) op\u0142ata rezerwacyjna zostanie zaliczona na poczet kolejnego terminu.<\/span><\/li>\n\n\n\n<li>Aby odwo\u0142a\u0107 zaj\u0119cia&nbsp;<strong>nale\u017cy skutecznie powiadomi\u0107<\/strong>&nbsp;sekretariat o nieobecno\u015bci:&nbsp;<strong>tj<\/strong><\/li>\n\n\n\n<li><strong>pon-pt w godz: 11-18 wys\u0142a\u0107 SMS- 739 069 089<\/strong>&nbsp; Nie nale\u017cy dzwoni\u0107 pod ten numer- jest on tylko do SMS owego odwo\u0142ywania wizyt<\/li>\n\n\n\n<li><span style=\"color:#C00000;\"><strong>Miedzy godzin\u0105 18-11 oraz w soboty, niedziel i \u015bwi\u0119ta<\/strong>&nbsp;prosimy o informacj\u0119 na maila jestemijaporadnia@gmail.com<\/span><\/li>\n\n\n\n<li>Przy ca\u0142kowitej rezygnacji z us\u0142ugi do 3 dni &nbsp;przed us\u0142ug\u0105(wizyta nie przeniesiona)<strong>&nbsp;nie s\u0105 pobierane op\u0142aty<\/strong>. W przypadku rezygnacji 48h, 24h przed wizyt\u0105 lub w dniu wizyty pobierane s\u0105 op\u0142aty jak pkt2<\/li>\n\n\n\n<li><span style=\"color: initial;\">W przypadku gdy op\u0142ata rezerwacyjna zosta\u0142a wniesiona got\u00f3wk\u0105 lub kart\u0105 zwrot nast\u0105pi w postaci vouchera\/bonu podarunkowego na wp\u0142acona kwot\u0119&nbsp;<\/span><\/li>\n\n\n\n<li>Rodzic ma prawo do 5% zni\u017cki na przeniesione spotkanie &nbsp;ze specjalist\u0105 je\u015bli spotkanie zosta\u0142o odwo\u0142ane przez poradni\u0119&nbsp;<strong>w dniu ich wizyty<\/strong>&nbsp;ze wzgl\u0119du na niedyspozycj\u0119 specjalisty ( nie dotyczy sytuacji nadzwyczajnych typu pandemia itp.) Zni\u017cka obowi\u0105zuje tylko na 1 prze\u0142o\u017cone spotkanie.<\/li>\n<\/ul>\n<\/li>\n\n\n\n<li>Dziecko na diagnoz\u0119 powinno by\u0107 przyprowadzone zdrowe i wypocz\u0119te<\/li>\n\n\n\n<li>Na spotkanie nale\u017cy przynie\u015b\u0107&nbsp;<strong>ksero<\/strong>&nbsp;wszystkich dotychczasowych diagnoz, opinii ze szko\u0142y przedszkola itp.&nbsp;Nie kserujemy w poradni dokument\u00f3w.<\/li>\n\n\n\n<li>Po ka\u017cdej wizycie nast\u0119puje om\u00f3wienia badania.<br><br>Dodatkowe spotkania po zako\u0144czeniu procesu diagnostycznego np w celu szczeg\u00f3\u0142owego, dodatkowego om\u00f3wienia opinii lub innych wynik\u0142ych w czasie diagnozy spraw s\u0105 traktowane jako konsultacje (osobno p\u0142atne wg cennika za konsultacje z danym specjalist\u0105)<\/li>\n\n\n\n<li>Za bezpiecze\u0144stwo dziecka oczekuj\u0105cego na diagnoz\u0119 oraz na zaj\u0119cia i po zaj\u0119ciach oraz za wyrz\u0105dzone szkody odpowiadaj\u0105 prawni opiekunowie. Prosimy o zapewnieni opieki na czas rozmowy ze specjalist\u0105<\/li>\n\n\n\n<li>Opinie , informacje o wynikach diagnozy wydawane s\u0105 zazwyczaj do 2 tyg. od ostatniego badania ( administracyjnie 30 dni), wyj\u0105tkiem jest sytuacja w kt\u00f3rej czekamy na wyniki dodatkowych konsultacji .W takiej sytuacji dokument wydajemy do 7 dni od dostarczenia wynik\u00f3w konsultacji. Dokumenty w\/w wydawane s\u0105 wy\u0142\u0105cznie na pisemny wniosek Rodzic\u00f3w. Informacje o mo\u017cliwo\u015b\u0107 odbioru przesy\u0142amy mailem<ul><li>Opinia wydana\u00a0<strong>\u201epilnie\u201d do 3\/5 dni dni<\/strong>\u00a0<strong>roboczych<\/strong>\u00a0jest dodatkowo p\u0142atna wg cennika za ka\u017cde badania dotycz\u0105ce opinii<\/li><\/ul><ul><li>Nie wysy\u0142amy opinii mailem ani poczt\u0105.<\/li><\/ul><ul><li>Rodzic ma prawo upowa\u017cni\u0107 inne osoby do odbioru opinii itp. \u00a0dziecka ( upowa\u017cnienie powinno by\u0107 wcze\u015bniej z\u0142o\u017cone w formie pisemnej w poradni)<\/li><\/ul>\n<ul class=\"wp-block-list\">\n<li>Wydanie opinii nast\u0119puje na pisemny wniosek z\u0142o\u017cony przez opiekuna prawnego \/ rodzica po ostatniej diagnozie lub po dostarczeniu wynik\u00f3w dodatkowych bada\u0144.<\/li>\n<\/ul>\n<\/li>\n\n\n\n<li>Wizyty w poradni \u2013 rejestracja, odwo\u0142anie, prze\u0142o\u017cenie obs\u0142ugiwane s\u0105 przez system Booksy.<\/li>\n\n\n\n<li>Faktury wydawane s\u0105 do 3 miesi\u0119cy od wizyty na podstawie zwr\u00f3conegoparagonu. O potrzebie otrzymania faktury nale\u017cy zg\u0142osi\u0107 przed op\u0142aceniem wizyty. Faktury wydajemy na podstawie <strong>zwr\u00f3conych paragon\u00f3w<\/strong><\/li>\n\n\n\n<li>Wniesienie op\u0142aty rejestracyjnej za &nbsp;wizyty jest r\u00f3wnoznaczna z wyra\u017ceniem zgody na pozyskanie i wykorzystanie do obs\u0142ugi wizyty danych osobowych tj nazwisko imi\u0119 dziecka, nr telefonu oraz mail itp<\/li>\n<\/ol>\n\n\n\n<p><\/p>\n","protected":false},"excerpt":{"rendered":"","protected":false},"author":1,"featured_media":0,"parent":0,"menu_order":0,"comment_status":"closed","ping_status":"closed","template":"","meta":{"ngg_post_thumbnail":0,"footnotes":""},"class_list":["post-1404","page","type-page","status-publish","hentry"],"_links":{"self":[{"href":"http:\/\/psychoterapia.jestemija.pl\/index.php\/wp-json\/wp\/v2\/pages\/1404","targetHints":{"allow":["GET"]}}],"collection":[{"href":"http:\/\/psychoterapia.jestemija.pl\/index.php\/wp-json\/wp\/v2\/pages"}],"about":[{"href":"http:\/\/psychoterapia.jestemija.pl\/index.php\/wp-json\/wp\/v2\/types\/page"}],"author":[{"embeddable":true,"href":"http:\/\/psychoterapia.jestemija.pl\/index.php\/wp-json\/wp\/v2\/users\/1"}],"replies":[{"embeddable":true,"href":"http:\/\/psychoterapia.jestemija.pl\/index.php\/wp-json\/wp\/v2\/comments?post=1404"}],"version-history":[{"count":11,"href":"http:\/\/psychoterapia.jestemija.pl\/index.php\/wp-json\/wp\/v2\/pages\/1404\/revisions"}],"predecessor-version":[{"id":1800,"href":"http:\/\/psychoterapia.jestemija.pl\/index.php\/wp-json\/wp\/v2\/pages\/1404\/revisions\/1800"}],"wp:attachment":[{"href":"http:\/\/psychoterapia.jestemija.pl\/index.php\/wp-json\/wp\/v2\/media?parent=1404"}],"curies":[{"name":"wp","href":"https:\/\/api.w.org\/{rel}","templated":true}]}}