{"id":176,"date":"2019-08-25T12:34:57","date_gmt":"2019-08-25T10:34:57","guid":{"rendered":"http:\/\/psychoterapia.jestemija.pl\/?page_id=176"},"modified":"2019-09-28T23:23:56","modified_gmt":"2019-09-28T21:23:56","slug":"terapia-matematyczna","status":"publish","type":"page","link":"http:\/\/psychoterapia.jestemija.pl\/index.php\/terapia-matematyczna\/","title":{"rendered":"Terapia matematyczna"},"content":{"rendered":"\n<p>Badania\nm\u00f3wi\u0105 \u017ce nastawienie dziecka do matematyki wynika mi\u0119dzy innymi z\njego z\u0142ych do\u015bwiadcze\u0144 z tym przedmiotem. Chcemy da\u0107 Twojemu\ndziecku osobiste, dobre i mi\u0142e do\u015bwiadczenia z matematyki.<\/p>\n\n\n\n<p>Jest\nto innowacyjna terapia prowadzona przez certyfikowanego terapeut\u0119 ,\nnauczyciela matematyki .<\/p>\n\n\n\n<p>50%\ndzieci w wieku przedszkolnym wykazuje uzdolnienia matematyczne, czyli\ns\u0105 predysponowane do co najmniej 5 na maturze z tego\nprzedmiotu.Warto wi\u0119c zadba\u0107 by m\u0142ody cz\u0142owiek nauczy\u0142 si\u0119\nbawi\u0107 matematyk\u0105, rozwin\u0105\u0142 swoje zdolno\u015bci i w przysz\u0142o\u015bci\nwykorzysta\u0142 maksymalnie swoje mo\u017cliwo\u015bci- bez stresu i l\u0119ku.<\/p>\n\n\n\n<p>Pokazujemy w spos\u00f3b przyst\u0119pny, poprzez zabaw\u0119, odnosz\u0105c si\u0119 do aktualnie przerabianych tre\u015bci jak i do zaleg\u0142o\u015bci,  \u017ce matematyka nie jest straszna i nudna. <strong>Dzieci<\/strong> <strong>s\u0105 dobrze nastawione do nauki przedmiotu w szkole, rozwijaj\u0105 swoje naturalne zdolno\u015bci.<\/strong><\/p>\n\n\n\n<p>Je\u015bli Twoje dziecko nie lubi matematyki, sp\u0119dza du\u017co czasu nad zadania domowymi z tego przedmiotu, widzisz, \u017ce opanowanie materia\u0142u wymaga od dziecka wiele wysi\u0142ku NIE ZWLEKAJ!!! Nie czekaj&nbsp; do VIII klasy &#8211; wspom\u00f3\u017c dziecko ju\u017c na poziomie wczesnoszkolnym, by w p\u00f3\u017aniejszym czasie sz\u0142o do szko\u0142y bez l\u0119ku. Im dalej w las tym wi\u0119cej drzew i trudniej sprawi\u0107, by dziecko nie ba\u0142o si\u0119 matematyki i wi\u0119cej pracy trzeba w\u0142o\u017cy\u0107 by osi\u0105gn\u0105\u0107 satysfakcjonuj\u0105cy efekt.<\/p>\n\n\n\n<p>\nW\np\u00f3\u017aniejszym czasie &#8211; je\u015bli trudno\u015bci w nauce matematyki nie s\u0105&nbsp;\nspecyficznymi&nbsp; trudno\u015bciami (czyli dyskalkuli\u0105) narastaj\u0105\nproblemy emocjonalne, kt\u00f3re sprawiaj\u0105, \u017ce na matematyce jest coraz\nci\u0119\u017cej, nienawi\u015b\u0107 do przedmiotu ro\u015bnie,&nbsp; a dziecko zaczyna\nchodzi\u0107 na korepetycje raz, potem&nbsp; 2, potem nawet 3 razy w\ntygodniu&#8230; \n<\/p>\n\n\n\n<p> Warto temu zapobiec lub to przerwa\u0107 i spr\u00f3bowa\u0107 zawr\u00f3ci\u0107 z tej trudnej drogi ci\u0105g\u0142ych pora\u017cek na drog\u0119 sukcesu. Matematyka towarzyszy nam do samej matury, a czasem i dalej na studiach (tak\u017ce studiach humanistycznych- np na psycholologii), wi\u0119c mo\u017ce warto sprawi\u0107, by ten przedmiot nie sp\u0119dza\u0142 snu z oczu dziecka czy m\u0142odego cz\u0142owieka i nie stresowa\u0142 go nadmiernie.<\/p>\n\n\n\n<p>\n<strong>W\n&nbsp;czasie 1 wizyty najpierw wykonujemy&nbsp;indywidualn\u0105 diagnoz\u0119\ntrudno\u015bci matematycznych&nbsp;dziecka oraz&nbsp;badanie w kierunku\nryzyka dyskalkulii. <\/strong>\n<\/p>\n\n\n\n<p>\nZaj\u0119cia\nindywidualne dla dzieci i m\u0142odzie\u017cy. Pracujemy tak\u017ce z doros\u0142ymi.<\/p>\n\n\n\n<p>\nProwadzimy\ntez terapi\u0119 matematyczna grupowo.<\/p>\n","protected":false},"excerpt":{"rendered":"<p>Badania m\u00f3wi\u0105 \u017ce nastawienie dziecka do matematyki wynika mi\u0119dzy innymi z jego z\u0142ych do\u015bwiadcze\u0144 z tym przedmiotem. Chcemy da\u0107 Twojemu dziecku osobiste, dobre i mi\u0142e do\u015bwiadczenia z matematyki. Jest to innowacyjna terapia prowadzona przez&#46;&#46;&#46;<\/p>\n","protected":false},"author":1,"featured_media":0,"parent":0,"menu_order":0,"comment_status":"closed","ping_status":"closed","template":"","meta":{"ngg_post_thumbnail":0,"footnotes":""},"class_list":["post-176","page","type-page","status-publish","hentry"],"_links":{"self":[{"href":"http:\/\/psychoterapia.jestemija.pl\/index.php\/wp-json\/wp\/v2\/pages\/176","targetHints":{"allow":["GET"]}}],"collection":[{"href":"http:\/\/psychoterapia.jestemija.pl\/index.php\/wp-json\/wp\/v2\/pages"}],"about":[{"href":"http:\/\/psychoterapia.jestemija.pl\/index.php\/wp-json\/wp\/v2\/types\/page"}],"author":[{"embeddable":true,"href":"http:\/\/psychoterapia.jestemija.pl\/index.php\/wp-json\/wp\/v2\/users\/1"}],"replies":[{"embeddable":true,"href":"http:\/\/psychoterapia.jestemija.pl\/index.php\/wp-json\/wp\/v2\/comments?post=176"}],"version-history":[{"count":2,"href":"http:\/\/psychoterapia.jestemija.pl\/index.php\/wp-json\/wp\/v2\/pages\/176\/revisions"}],"predecessor-version":[{"id":318,"href":"http:\/\/psychoterapia.jestemija.pl\/index.php\/wp-json\/wp\/v2\/pages\/176\/revisions\/318"}],"wp:attachment":[{"href":"http:\/\/psychoterapia.jestemija.pl\/index.php\/wp-json\/wp\/v2\/media?parent=176"}],"curies":[{"name":"wp","href":"https:\/\/api.w.org\/{rel}","templated":true}]}}