{"id":257,"date":"2019-08-31T17:37:28","date_gmt":"2019-08-31T15:37:28","guid":{"rendered":"http:\/\/psychoterapia.jestemija.pl\/?page_id=257"},"modified":"2025-09-16T19:24:03","modified_gmt":"2025-09-16T17:24:03","slug":"zapisz-sie-on-line","status":"publish","type":"page","link":"http:\/\/psychoterapia.jestemija.pl\/index.php\/zapisz-sie-on-line\/","title":{"rendered":"Zapisz si\u0119 on line"},"content":{"rendered":"\n<p>Poradnia Psychologiczno-Pedagogiczna<\/p>\n\n\n\n<p><strong>Rejestruj\u0105c&nbsp;dziecko prosz\u0119&nbsp;skorzysta\u0107 z zak\u0142adki booksy &#8211; family &amp; friends<\/strong><\/p>\n\n\n\n<p><strong>Zapisy na zajecia indywidualne dzieci, mlodzie\u017c, doro\u015bli:<\/strong> <a href=\"https:\/\/66160030.booksy.com\" target=\"_blank\" rel=\"noreferrer noopener\"><strong>Booksy<\/strong><\/a><\/p>\n\n\n<p><!-- \/wp:post-content --><\/p>\n<p><!-- wp:paragraph --><\/p>\n<p><strong>Zapisy na szkolenia specjalistyczne<\/strong><\/p>\n<p><!-- \/wp:paragraph --><\/p>\n<p><!-- wp:html --><\/p>\n<div class=\"activenow-form-container activenow-form-1309-container\"><center><img decoding=\"async\" src=\"https:\/\/www.activenow.io\/assets\/ripple.gif\" width=\"100px\"><\/center><script async=\"\" src=\"https:\/\/app.activenow.io\/external\/signup_form\/load_by_js?category=&amp;city_id=&amp;code=719abd87cf1e8b1ac86716d2f8395afd&amp;school_id=1605&amp;signup_form_id=1309&amp;venue_id=&amp;zz=\"><\/script><\/div>\n<p><!-- \/wp:html --><\/p>\n<p><!-- wp:paragraph --><\/p>\n<p><strong>Zapisy na zaj\u0119cia grupowe dla dzieci, m\u0142odzie\u017cy i rodzic\u00f3w<\/strong><\/p>\n<p><!-- \/wp:paragraph --><\/p>\n<p><!-- wp:html --><\/p>\n<div class=\"activenow-table-container\"><center><img decoding=\"async\" src=\"https:\/\/www.activenow.io\/assets\/ripple.gif\" width=\"100px\"><\/center><script async=\"\" src=\"https:\/\/app.activenow.io\/external\/signup_table\/load_by_js?city_id=&amp;code=719abd87cf1e8b1ac86716d2f8395afd&amp;proficiency_id=&amp;school_id=1605&amp;signup_table_id=457&amp;venue_id=&amp;zz=\"><\/script><\/div>\n<p><!-- \/wp:html --><\/p>","protected":false},"excerpt":{"rendered":"<p>Poradnia Psychologiczno-Pedagogiczna Rejestruj\u0105c&nbsp;dziecko prosz\u0119&nbsp;skorzysta\u0107 z zak\u0142adki booksy &#8211; family &amp; friends Zapisy na zajecia indywidualne dzieci, mlodzie\u017c, doro\u015bli: Booksy Zapisy na szkolenia specjalistyczne Zapisy na zaj\u0119cia grupowe dla dzieci, m\u0142odzie\u017cy i rodzic\u00f3w<\/p>\n","protected":false},"author":1,"featured_media":0,"parent":0,"menu_order":0,"comment_status":"closed","ping_status":"closed","template":"","meta":{"ngg_post_thumbnail":0,"footnotes":""},"class_list":["post-257","page","type-page","status-publish","hentry"],"_links":{"self":[{"href":"http:\/\/psychoterapia.jestemija.pl\/index.php\/wp-json\/wp\/v2\/pages\/257","targetHints":{"allow":["GET"]}}],"collection":[{"href":"http:\/\/psychoterapia.jestemija.pl\/index.php\/wp-json\/wp\/v2\/pages"}],"about":[{"href":"http:\/\/psychoterapia.jestemija.pl\/index.php\/wp-json\/wp\/v2\/types\/page"}],"author":[{"embeddable":true,"href":"http:\/\/psychoterapia.jestemija.pl\/index.php\/wp-json\/wp\/v2\/users\/1"}],"replies":[{"embeddable":true,"href":"http:\/\/psychoterapia.jestemija.pl\/index.php\/wp-json\/wp\/v2\/comments?post=257"}],"version-history":[{"count":21,"href":"http:\/\/psychoterapia.jestemija.pl\/index.php\/wp-json\/wp\/v2\/pages\/257\/revisions"}],"predecessor-version":[{"id":1823,"href":"http:\/\/psychoterapia.jestemija.pl\/index.php\/wp-json\/wp\/v2\/pages\/257\/revisions\/1823"}],"wp:attachment":[{"href":"http:\/\/psychoterapia.jestemija.pl\/index.php\/wp-json\/wp\/v2\/media?parent=257"}],"curies":[{"name":"wp","href":"https:\/\/api.w.org\/{rel}","templated":true}]}}