{"id":409,"date":"2020-03-08T19:26:51","date_gmt":"2020-03-08T18:26:51","guid":{"rendered":"http:\/\/psychoterapia.jestemija.pl\/?page_id=409"},"modified":"2026-01-26T22:32:49","modified_gmt":"2026-01-26T21:32:49","slug":"poradnia-doroslych","status":"publish","type":"page","link":"http:\/\/psychoterapia.jestemija.pl\/index.php\/poradnia-doroslych\/","title":{"rendered":"Poradnia doros\u0142ych"},"content":{"rendered":"\n<p>Prowadzimy diagnozy psychologiczno-pedagogiczne dla os\u00f3b doros\u0142ych, psychoterapi\u0119 oraz wsparcie psychologiczne.&nbsp;<\/p>\n\n\n\n<p><strong>A. Diagnozy psychologiczno-pedagogiczne os\u00f3b doros\u0142ych:<\/strong><\/p>\n\n\n\n<ul class=\"wp-block-list\">\n<li>diagnoza psychologiczna intelektu (funkcji poznawczych),\u00a0<\/li>\n\n\n\n<li>diagnoza specyficznych trudno\u015bci w uczeniu si\u0119 (dysleksja),<\/li>\n\n\n\n<li>diagnoza osobowo\u015bci,<\/li>\n\n\n\n<li>doradztwo zawodowe &#8211; Kompas Kariery.<\/li>\n<\/ul>\n\n\n\n<p><strong>B.\u00a0Psychoterapia\u00a0<\/strong>to metoda leczenia opieraj\u0105ca si\u0119 na oddzia\u0142ywaniach \u015brodkami psychologicznymi na osoby chore, cierpi\u0105ce z powodu zaburze\u0144\u00a0rozmaitych zaburze\u0144 i problem\u00f3w natury psychicznej. Oddzia\u0142ywania te, podporz\u0105dkowane s\u0105 aktualnej wiedzy naukowej dotycz\u0105cej zar\u00f3wno przyczyn powstawania poszczeg\u00f3lnych symptom\u00f3w i zaburze\u0144, jak i najefektywniejszych sposob\u00f3w ich leczenia. S\u0105 prowadzone przez uprawnionego specjalist\u0119\u00a0 \u2013\u00a0<strong>psychoterapeut\u0119<\/strong>, posiadaj\u0105c\u0105 odpowiednie kwalifikacje. Psychoterapeutami mog\u0105 by\u0107 psychiatrzy, pedagodzy, psycholodzy.\u00a0<\/p>\n\n\n\n<p>Osoby b\u0119d\u0105ce w trakcie szkolenia prowadz\u0105cego do uzyskania certyfikatu\u00a0psychoterapeuty\u00a0prowadz\u0105\u00a0psychoterapi\u0119 po 2 roku\u00a0szkolenia, pod\u00a0 \u015bcis\u0142ym nadzorem\u00a0<strong>superwizora.\u00a0<\/strong><\/p>\n\n\n\n<p>Psychoterapia os\u00f3b doros\u0142ych prowadzona jest w naszej poradni w nurtach:<\/p>\n\n\n\n<ul class=\"wp-block-list\">\n<li>psychodynamicznym,<\/li>\n\n\n\n<li>poznawczo-behawioralnym,<\/li>\n\n\n\n<li>systemowym.<\/li>\n<\/ul>\n\n\n\n<p><strong>C. Wsparcie psychologiczne&nbsp;<\/strong><\/p>\n\n\n\n<p>W \u017cyciu ka\u017cdego mo\u017ce przyj\u015b\u0107 taki moment, kiedy \u017ale si\u0119 czujemy w naszej codzienno\u015b\u0107 , nie radzimy sobie z sytuacj\u0105, kt\u00f3ra nas zaskoczy\u0142a, Dzieje si\u0119 co\u015b w naszym \u017cyciu co nas niepokoi, przyt\u0142acza lub po prostu zastanawia. Je\u015bli trudno\u015bci nas przerastaj\u0105, brak nam pomys\u0142u, co\u015b nas przyt\u0142acza lub zwyczajnie chcemy \u201eco\u015b\u201d zmieni\u0107 w naszym \u017cyciu to jest to czas w kt\u00f3rym warto um\u00f3wi\u0107 si\u0119 na wizyt\u0119 do psychologa.&nbsp;<\/p>\n\n\n\n<p>Je\u015bli obserwujesz u siebie trudno\u015bci \u2013 nie czekaj.<\/p>\n\n\n\n<p>Konsultacja psychologiczna rozwieje obawy, a mo\u017ce si\u0119 okaza\u0107 ,\u017ce terapia nie b\u0119dzie potrzebna. Je\u015bli jednak oka\u017ce si\u0119 \u017ce potrzebujesz wsparcia b\u0119dziesz m\u00f3g\u0142 skorzysta\u0107 z terapii psychologicznej&nbsp; (w ramach pomocy psychologicznej).<\/p>\n\n\n\n<p><strong>D. Terapia rodzinna<\/strong><\/p>\n\n\n\n<p>W naszej poradni istnieje mo\u017cliwo\u015b\u0107 skorzystania z terapii rodzinnej. To spotkania w kt\u00f3rych mog\u0105 uczestniczy\u0107 wszyscy cz\u0142onkowie rodzinny \u2013 w celu pracy nad zmianami w systemie rodzinnym. To Pa\u0144stwo decydujecie, kto powinien uczestniczy\u0107 w takich spotkaniach, jak cz\u0119sto si\u0119 odbywaj\u0105 i do czego maj\u0105 Was doprowadzi\u0107.&nbsp;<\/p>\n\n\n\n<p><\/p>\n","protected":false},"excerpt":{"rendered":"<p>Prowadzimy diagnozy psychologiczno-pedagogiczne dla os\u00f3b doros\u0142ych, psychoterapi\u0119 oraz wsparcie psychologiczne.&nbsp; A. Diagnozy psychologiczno-pedagogiczne os\u00f3b doros\u0142ych: B.\u00a0Psychoterapia\u00a0to metoda leczenia opieraj\u0105ca si\u0119 na oddzia\u0142ywaniach \u015brodkami psychologicznymi na osoby chore, cierpi\u0105ce z powodu zaburze\u0144\u00a0rozmaitych zaburze\u0144 i problem\u00f3w&#46;&#46;&#46;<\/p>\n","protected":false},"author":1,"featured_media":0,"parent":0,"menu_order":0,"comment_status":"closed","ping_status":"closed","template":"","meta":{"ngg_post_thumbnail":0,"footnotes":""},"class_list":["post-409","page","type-page","status-publish","hentry"],"_links":{"self":[{"href":"http:\/\/psychoterapia.jestemija.pl\/index.php\/wp-json\/wp\/v2\/pages\/409","targetHints":{"allow":["GET"]}}],"collection":[{"href":"http:\/\/psychoterapia.jestemija.pl\/index.php\/wp-json\/wp\/v2\/pages"}],"about":[{"href":"http:\/\/psychoterapia.jestemija.pl\/index.php\/wp-json\/wp\/v2\/types\/page"}],"author":[{"embeddable":true,"href":"http:\/\/psychoterapia.jestemija.pl\/index.php\/wp-json\/wp\/v2\/users\/1"}],"replies":[{"embeddable":true,"href":"http:\/\/psychoterapia.jestemija.pl\/index.php\/wp-json\/wp\/v2\/comments?post=409"}],"version-history":[{"count":7,"href":"http:\/\/psychoterapia.jestemija.pl\/index.php\/wp-json\/wp\/v2\/pages\/409\/revisions"}],"predecessor-version":[{"id":1896,"href":"http:\/\/psychoterapia.jestemija.pl\/index.php\/wp-json\/wp\/v2\/pages\/409\/revisions\/1896"}],"wp:attachment":[{"href":"http:\/\/psychoterapia.jestemija.pl\/index.php\/wp-json\/wp\/v2\/media?parent=409"}],"curies":[{"name":"wp","href":"https:\/\/api.w.org\/{rel}","templated":true}]}}