{"id":47,"date":"2019-08-11T17:18:09","date_gmt":"2019-08-11T15:18:09","guid":{"rendered":"http:\/\/psychoterapia.jestemija.pl\/?page_id=47"},"modified":"2019-09-28T23:18:23","modified_gmt":"2019-09-28T21:18:23","slug":"terapia","status":"publish","type":"page","link":"http:\/\/psychoterapia.jestemija.pl\/index.php\/terapia\/","title":{"rendered":"Psychoterapia"},"content":{"rendered":"\n<p>\nTerapia\npsychologiczna i psychoterapia<\/p>\n\n\n\n<p>\nProwadzimy\n<strong>psychoterapi\u0119<\/strong>\ndzieci i m\u0142odzie\u017cy w nurcie psychodynamicznym,\npoznawczo-behawioralnym i systemowym oraz <strong>terapi\u0119\npsychologiczn\u0105<\/strong>,\nw ramach pomocy psychologicznej. \n<\/p>\n\n\n\n<p>\nZar\u00f3wno\nmaluch jaki i nastolatek mo\u017ce cierpie\u0107 z powodu wielu problem\u00f3w,\nnp. do\u015bwiadcza\u0107 k\u0142opot\u00f3w z jedzeniem, ze snem, nie radzi\u0107 sobie\nz emocjami( np z w\u0142asn\u0105 agresj\u0105 wobec r\u00f3wie\u015bnik\u00f3w czy doros\u0142ych\nlub nadmiernie wycofywa\u0107 si\u0119 w relacjach z innymi. Mog\u0105 prze\u017cywa\u0107\nsilne l\u0119ki, zwi\u0105zane z innymi lud\u017ami, zwierz\u0119tami, chodzeniem do\nszko\u0142y, separacj\u0105 z rodzicami, relacjami z innymi. Zaburzenia\nemocjonalne mog\u0105 przyjmowa\u0107 r\u00f3\u017cne formy \u2013 od nie\u015bmia\u0142o\u015bci i\nrezygnacji z niekt\u00f3rych aktywno\u015bci, po nadmiern\u0105 p\u0142aczliwo\u015b\u0107,\nmilczenie, zani\u017con\u0105 samoocen\u0119. \n<\/p>\n\n\n\n<p>\nCz\u0119sto\ndzieci potrzebuj\u0105 pomocy gdy prze\u017cy\u0142y uraz psychiczny np. ci\u0119\u017ck\u0105\nchorob\u0119, wypadek, \u015bmier\u0107 bliskiej osoby, rozw\u00f3d rodzic\u00f3w,\nnadu\u017cycia seksualne, przemoc psychiczn\u0105 lub fizyczn\u0105, i inne. \n<\/p>\n\n\n\n<p> Czasem trudno\u015bci dziecka znajduj\u0105 wyraz w dolegliwo\u015bciach somatycznych lub w formie zachowa\u0144 s\u0142u\u017c\u0105cych roz\u0142adowaniu napi\u0119cia, redukcji l\u0119ku, jak np. tiki, czynno\u015bci natr\u0119tne, rytua\u0142y, masturbacja i inne.<\/p>\n\n\n\n<p>\nJe\u015bli\nzaanga\u017cowanie rodzic\u00f3w nie wystarcza i problemy dziecka si\u0119\nnasilaj\u0105, nie warto czeka\u0107 \u2013 problemy dziecka mog\u0105 si\u0119 bowiem\npog\u0142\u0119bi\u0107.<\/p>\n","protected":false},"excerpt":{"rendered":"<p>Terapia psychologiczna i psychoterapia Prowadzimy psychoterapi\u0119 dzieci i m\u0142odzie\u017cy w nurcie psychodynamicznym, poznawczo-behawioralnym i systemowym oraz terapi\u0119 psychologiczn\u0105, w ramach pomocy psychologicznej. Zar\u00f3wno maluch jaki i nastolatek mo\u017ce cierpie\u0107 z powodu wielu problem\u00f3w, np.&#46;&#46;&#46;<\/p>\n","protected":false},"author":1,"featured_media":0,"parent":0,"menu_order":0,"comment_status":"closed","ping_status":"closed","template":"","meta":{"ngg_post_thumbnail":0,"footnotes":""},"class_list":["post-47","page","type-page","status-publish","hentry"],"_links":{"self":[{"href":"http:\/\/psychoterapia.jestemija.pl\/index.php\/wp-json\/wp\/v2\/pages\/47","targetHints":{"allow":["GET"]}}],"collection":[{"href":"http:\/\/psychoterapia.jestemija.pl\/index.php\/wp-json\/wp\/v2\/pages"}],"about":[{"href":"http:\/\/psychoterapia.jestemija.pl\/index.php\/wp-json\/wp\/v2\/types\/page"}],"author":[{"embeddable":true,"href":"http:\/\/psychoterapia.jestemija.pl\/index.php\/wp-json\/wp\/v2\/users\/1"}],"replies":[{"embeddable":true,"href":"http:\/\/psychoterapia.jestemija.pl\/index.php\/wp-json\/wp\/v2\/comments?post=47"}],"version-history":[{"count":4,"href":"http:\/\/psychoterapia.jestemija.pl\/index.php\/wp-json\/wp\/v2\/pages\/47\/revisions"}],"predecessor-version":[{"id":314,"href":"http:\/\/psychoterapia.jestemija.pl\/index.php\/wp-json\/wp\/v2\/pages\/47\/revisions\/314"}],"wp:attachment":[{"href":"http:\/\/psychoterapia.jestemija.pl\/index.php\/wp-json\/wp\/v2\/media?parent=47"}],"curies":[{"name":"wp","href":"https:\/\/api.w.org\/{rel}","templated":true}]}}