{"id":624,"date":"2022-03-18T19:07:12","date_gmt":"2022-03-18T18:07:12","guid":{"rendered":"http:\/\/psychoterapia.jestemija.pl\/?page_id=624"},"modified":"2022-03-26T15:08:39","modified_gmt":"2022-03-26T14:08:39","slug":"szkola-odpowiedzialnych-rodzicow-sor","status":"publish","type":"page","link":"http:\/\/psychoterapia.jestemija.pl\/index.php\/szkola-odpowiedzialnych-rodzicow-sor\/","title":{"rendered":"Szko\u0142a odpowiedzialnych rodzic\u00f3w &#8211; SOR"},"content":{"rendered":"\n<p>Zindywidualizowany cyklu spotka\u0144 kszta\u0142tuj\u0105cych kompetencje rodzicielskie w ramach Szko\u0142y<br>Odpowiedzialnych (SOR) Ka\u017cde spotkanie trwa oko\u0142o 120min<\/p>\n\n\n\n<p><br> W ramach indywidualnej Szko\u0142y Odpowiedzialnych Rodzic\u00f3w (SOR) przekazywane s\u0105 tre\u015bci kt\u00f3re<br> wspieraj\u0105 lepsze relacje z dzieckiem, pomagaj\u0105 zrozumie\u0107 spos\u00f3b widzenia \u015bwiata przez dziecko i<br> wp\u0142ywaj\u0105 na wi\u0119\u017a z dzieckiem. W czasie zaj\u0119\u0107 jest chwila na rozmow\u0119 o bie\u017c\u0105cych problemach oraz<br> czas na uczenie si\u0119 technik i metod radzenia sobie z sytuacjami trudnymi a tak\u017ce wspieraj\u0105cymi<br> rozw\u00f3j dziecka.<\/p>\n\n\n\n<p><br> Zaj\u0119cia s\u0105 skierowane do ka\u017cdego rodzica, kt\u00f3ry po prostu chce by\u0107 bli\u017cej swojego dziecka. Ale tak\u017ce mog\u0105 w nich uczestniczy\u0107 Babcie, Dziadkowie, przyszli Rodzice.<\/p>\n\n\n\n<p>Kurs jest odpowiedni dla tych kt\u00f3rzy lubi\u0105 spokojn\u0105 atmosfer\u0119,\u00a0skupienie i chc\u0105 jak najwi\u0119cej czasu po\u015bwi\u0119ci\u0107 poszerzania swoich kompetencji jednocze\u015bnie b\u0119d\u0105c bli\u017cej swojego dziecka. Spotkania s\u0105 mocno ukierunkowane na zindywidualizowanie procesu nauki.<\/p>\n\n\n\n<p><br> Zalecane te\u017c s\u0105 w sytuacji trudno\u015bci wychowawczych, trudno\u015bci w relacjach z dzieckiem, konflikt\u00f3w<br> rodze\u0144stwa, a tak\u017ce po prostu profilaktycznie \ud83d\ude09<\/p>\n\n\n\n<p><br> Szko\u0142a oparta jest na programie&nbsp;<strong>Szko\u0142a dla Rodzic\u00f3w i Wychowawc\u00f3w<\/strong>&nbsp;oraz ca\u0142ej idei Thomasa<br> Gordona, autora ksi\u0105\u017cki&nbsp;<strong>Wychowanie bez pora\u017cek<\/strong>, a tak\u017ce <strong>metodach zawartych w programie<br> Spos\u00f3b na trudne dziecko.<\/strong><br> Szko\u0142a realizowana jest w&nbsp;<strong>4-6<\/strong>&nbsp;spotkaniach raz na<strong>&nbsp;3 tygodnie<\/strong>.<\/p>\n","protected":false},"excerpt":{"rendered":"<p>Zindywidualizowany cyklu spotka\u0144 kszta\u0142tuj\u0105cych kompetencje rodzicielskie w ramach Szko\u0142yOdpowiedzialnych (SOR) Ka\u017cde spotkanie trwa oko\u0142o 120min W ramach indywidualnej Szko\u0142y Odpowiedzialnych Rodzic\u00f3w (SOR) przekazywane s\u0105 tre\u015bci kt\u00f3re wspieraj\u0105 lepsze relacje z dzieckiem, pomagaj\u0105 zrozumie\u0107 spos\u00f3b&#46;&#46;&#46;<\/p>\n","protected":false},"author":1,"featured_media":0,"parent":0,"menu_order":0,"comment_status":"closed","ping_status":"closed","template":"","meta":{"ngg_post_thumbnail":0,"footnotes":""},"class_list":["post-624","page","type-page","status-publish","hentry"],"_links":{"self":[{"href":"http:\/\/psychoterapia.jestemija.pl\/index.php\/wp-json\/wp\/v2\/pages\/624","targetHints":{"allow":["GET"]}}],"collection":[{"href":"http:\/\/psychoterapia.jestemija.pl\/index.php\/wp-json\/wp\/v2\/pages"}],"about":[{"href":"http:\/\/psychoterapia.jestemija.pl\/index.php\/wp-json\/wp\/v2\/types\/page"}],"author":[{"embeddable":true,"href":"http:\/\/psychoterapia.jestemija.pl\/index.php\/wp-json\/wp\/v2\/users\/1"}],"replies":[{"embeddable":true,"href":"http:\/\/psychoterapia.jestemija.pl\/index.php\/wp-json\/wp\/v2\/comments?post=624"}],"version-history":[{"count":4,"href":"http:\/\/psychoterapia.jestemija.pl\/index.php\/wp-json\/wp\/v2\/pages\/624\/revisions"}],"predecessor-version":[{"id":673,"href":"http:\/\/psychoterapia.jestemija.pl\/index.php\/wp-json\/wp\/v2\/pages\/624\/revisions\/673"}],"wp:attachment":[{"href":"http:\/\/psychoterapia.jestemija.pl\/index.php\/wp-json\/wp\/v2\/media?parent=624"}],"curies":[{"name":"wp","href":"https:\/\/api.w.org\/{rel}","templated":true}]}}