{"id":633,"date":"2022-03-18T19:37:27","date_gmt":"2022-03-18T18:37:27","guid":{"rendered":"http:\/\/psychoterapia.jestemija.pl\/?page_id=633"},"modified":"2022-03-18T19:37:27","modified_gmt":"2022-03-18T18:37:27","slug":"terapia-tomatisa","status":"publish","type":"page","link":"http:\/\/psychoterapia.jestemija.pl\/index.php\/terapia-tomatisa\/","title":{"rendered":"Terapia Tomatisa"},"content":{"rendered":"\n<p>Terapia Tomatisa\u00a0to program stymulacji\u00a0neurosensorycznej, kt\u00f3ry polega na<br>kszta\u0142towaniu \u015bwiadomego odbierania\u00a0bod\u017ac\u00f3w d\u017awi\u0119kowych. Program<br>dostosowany jest do indywidualnych potrzeb ka\u017cdej osoby Znajduje zastosowanie<br>zar\u00f3wno u dzieci, jak i u doros\u0142ych.<\/p>\n\n\n\n<p><br><strong>Metoda Tomatisa<\/strong>\u00a0to terapia edukacyjna wykorzystuj\u0105ca stymulacj\u0119 uk\u0142adu<br>nerwowego poprzez bod\u017ace docieraj\u0105ce do uk\u0142adu s\u0142uchowego w celu kszta\u0142cenia<br>uwagi s\u0142uchowej. Metoda ta stymuluje m\u00f3zg muzyk\u0105 i g\u0142osem.<\/p>\n\n\n\n<p><br><strong>Terapia Tomatisa<\/strong>\u00a0wskazana jest w szczeg\u00f3lno\u015bci w przypadku problem\u00f3w i<br>dysfunkcji, takich jak:<\/p>\n\n\n\n<ul class=\"wp-block-list\"><li>zaburzenia ze spektrum autyzmu,<\/li><li>nadpobudliwo\u015b\u0107 psychoruchowa,<\/li><li><a href=\"https:\/\/www.doz.pl\/czytelnia\/a13258-Dysleksja_-_co_to_jest_objawy_przyczyny_i_leczenie\">dysleksja<\/a>, itp<\/li><li>op\u00f3\u017aniony rozw\u00f3j mowy,<\/li><li>zaburzenia przetwarzania sensorycznego,<\/li><li>problemy w nauce szkolnej,<\/li><li>problem ze skupieniem uwagi,<\/li><li>j\u0105kanie,<\/li><li>s\u0142aba przyswajalno\u015b\u0107 j\u0119zyk\u00f3w obcych,<\/li><li>dra\u017cliwo\u015b\u0107,<\/li><li>stres,<\/li><li>depresja.<\/li><\/ul>\n\n\n\n<p>wspomaga tak\u017ce :<\/p>\n\n\n\n<ul class=\"wp-block-list\"><li>Radzenie sobie z sytuacjami silnie stresowymi.  <\/li><li>uczenie si\u0119 j\u0119zyk\u00f3w obcych<\/li><\/ul>\n\n\n\n<p><\/p>\n","protected":false},"excerpt":{"rendered":"<p>Terapia Tomatisa\u00a0to program stymulacji\u00a0neurosensorycznej, kt\u00f3ry polega nakszta\u0142towaniu \u015bwiadomego odbierania\u00a0bod\u017ac\u00f3w d\u017awi\u0119kowych. Programdostosowany jest do indywidualnych potrzeb ka\u017cdej osoby Znajduje zastosowaniezar\u00f3wno u dzieci, jak i u doros\u0142ych. Metoda Tomatisa\u00a0to terapia edukacyjna wykorzystuj\u0105ca stymulacj\u0119 uk\u0142adunerwowego poprzez bod\u017ace&#46;&#46;&#46;<\/p>\n","protected":false},"author":1,"featured_media":0,"parent":0,"menu_order":0,"comment_status":"closed","ping_status":"closed","template":"","meta":{"ngg_post_thumbnail":0,"footnotes":""},"class_list":["post-633","page","type-page","status-publish","hentry"],"_links":{"self":[{"href":"http:\/\/psychoterapia.jestemija.pl\/index.php\/wp-json\/wp\/v2\/pages\/633","targetHints":{"allow":["GET"]}}],"collection":[{"href":"http:\/\/psychoterapia.jestemija.pl\/index.php\/wp-json\/wp\/v2\/pages"}],"about":[{"href":"http:\/\/psychoterapia.jestemija.pl\/index.php\/wp-json\/wp\/v2\/types\/page"}],"author":[{"embeddable":true,"href":"http:\/\/psychoterapia.jestemija.pl\/index.php\/wp-json\/wp\/v2\/users\/1"}],"replies":[{"embeddable":true,"href":"http:\/\/psychoterapia.jestemija.pl\/index.php\/wp-json\/wp\/v2\/comments?post=633"}],"version-history":[{"count":1,"href":"http:\/\/psychoterapia.jestemija.pl\/index.php\/wp-json\/wp\/v2\/pages\/633\/revisions"}],"predecessor-version":[{"id":634,"href":"http:\/\/psychoterapia.jestemija.pl\/index.php\/wp-json\/wp\/v2\/pages\/633\/revisions\/634"}],"wp:attachment":[{"href":"http:\/\/psychoterapia.jestemija.pl\/index.php\/wp-json\/wp\/v2\/media?parent=633"}],"curies":[{"name":"wp","href":"https:\/\/api.w.org\/{rel}","templated":true}]}}