{"id":642,"date":"2022-03-18T22:16:24","date_gmt":"2022-03-18T21:16:24","guid":{"rendered":"http:\/\/psychoterapia.jestemija.pl\/?page_id=642"},"modified":"2022-09-08T09:39:10","modified_gmt":"2022-09-08T07:39:10","slug":"konsultacje-wychowawcze","status":"publish","type":"page","link":"http:\/\/psychoterapia.jestemija.pl\/index.php\/konsultacje-wychowawcze\/","title":{"rendered":"Konsultacje wychowawcze"},"content":{"rendered":"\n<p>S\u0105 to zazwyczaj jednorazowe spotkania dla rodzic\u00f3w w ramach psychoedukacji, wsparcia,<br>poradnictwa maj\u0105ce na celu porad\u0119 w sprawie aktualnie pojawiaj\u0105cych si\u0119 trudno\u015bci wychowawczych.<\/p>\n\n\n\n<p><br>Wizyty skierowane s\u0105 do Rodzic\u00f3w kt\u00f3rzy potrzebuj\u0105 wsparcia, konsultacji pojawiaj\u0105cych si\u0119<br>problem\u00f3w z dzieckiem ( wychowawczych, emocjonalnych).<\/p>\n\n\n\n<p><br>Nie s\u0105 to spotkania maj\u0105ce na celu diagnoz\u0119 dziecka( np. na zlecenie lekarza), ani szkolenia<br>umiej\u0119tno\u015bci wychowawczych w formie indywidualnego mini kursu.<\/p>\n\n\n\n<p><br>Konsultacje wychowawcze najcz\u0119\u015bciej realizowane s\u0105 w ramach jednorazowej konsultacji (do 90min)<\/p>\n\n\n\n<p><br>Mo\u017cna te\u017c skorzysta\u0107 indywidualnego cyklu spotka\u0144 Rodzic\u00f3w w ramach <strong><a href=\"http:\/\/psychoterapia.jestemija.pl\/index.php\/szkola-odpowiedzialnych-rodzicow-sor\/\">Szko\u0142y Odpowiedzialnych Rodzic\u00f3w (SOR)<\/a><\/strong> 120min lub grupowych zaj\u0119\u0107\u00a0&#8222;Szko\u0142a dla Rodzic\u00f3w &#8221;\u00a015tyg x1,5h<\/p>\n","protected":false},"excerpt":{"rendered":"<p>S\u0105 to zazwyczaj jednorazowe spotkania dla rodzic\u00f3w w ramach psychoedukacji, wsparcia,poradnictwa maj\u0105ce na celu porad\u0119 w sprawie aktualnie pojawiaj\u0105cych si\u0119 trudno\u015bci wychowawczych. Wizyty skierowane s\u0105 do Rodzic\u00f3w kt\u00f3rzy potrzebuj\u0105 wsparcia, konsultacji pojawiaj\u0105cych si\u0119problem\u00f3w z&#46;&#46;&#46;<\/p>\n","protected":false},"author":1,"featured_media":0,"parent":0,"menu_order":0,"comment_status":"closed","ping_status":"closed","template":"","meta":{"ngg_post_thumbnail":0,"footnotes":""},"class_list":["post-642","page","type-page","status-publish","hentry"],"_links":{"self":[{"href":"http:\/\/psychoterapia.jestemija.pl\/index.php\/wp-json\/wp\/v2\/pages\/642","targetHints":{"allow":["GET"]}}],"collection":[{"href":"http:\/\/psychoterapia.jestemija.pl\/index.php\/wp-json\/wp\/v2\/pages"}],"about":[{"href":"http:\/\/psychoterapia.jestemija.pl\/index.php\/wp-json\/wp\/v2\/types\/page"}],"author":[{"embeddable":true,"href":"http:\/\/psychoterapia.jestemija.pl\/index.php\/wp-json\/wp\/v2\/users\/1"}],"replies":[{"embeddable":true,"href":"http:\/\/psychoterapia.jestemija.pl\/index.php\/wp-json\/wp\/v2\/comments?post=642"}],"version-history":[{"count":3,"href":"http:\/\/psychoterapia.jestemija.pl\/index.php\/wp-json\/wp\/v2\/pages\/642\/revisions"}],"predecessor-version":[{"id":1152,"href":"http:\/\/psychoterapia.jestemija.pl\/index.php\/wp-json\/wp\/v2\/pages\/642\/revisions\/1152"}],"wp:attachment":[{"href":"http:\/\/psychoterapia.jestemija.pl\/index.php\/wp-json\/wp\/v2\/media?parent=642"}],"curies":[{"name":"wp","href":"https:\/\/api.w.org\/{rel}","templated":true}]}}