{"id":85,"date":"2019-08-11T17:24:07","date_gmt":"2019-08-11T15:24:07","guid":{"rendered":"http:\/\/psychoterapia.jestemija.pl\/?page_id=85"},"modified":"2024-08-22T18:32:02","modified_gmt":"2024-08-22T16:32:02","slug":"polecamy","status":"publish","type":"page","link":"http:\/\/psychoterapia.jestemija.pl\/index.php\/polecamy\/","title":{"rendered":"Polecamy"},"content":{"rendered":"\n<p class=\"has-text-align-left\"><a rel=\"noreferrer noopener\" aria-label=\" (otwiera si\u0119 na nowej zak\u0142adce)\" href=\"http:\/\/growup.jestemija.pl\/\" target=\"_blank\">Growup &#8211; Centrum Zaj\u0119\u0107 Rozwojowych<img loading=\"lazy\" decoding=\"async\" width=\"164\" height=\"220\" class=\"wp-image-331\" style=\"width: 164px;\" src=\"http:\/\/psychoterapia.jestemija.pl\/wp-content\/uploads\/2019\/09\/Grow-up-logo-transparentne-2.png\" alt=\"\" srcset=\"http:\/\/psychoterapia.jestemija.pl\/wp-content\/uploads\/2019\/09\/Grow-up-logo-transparentne-2.png 1488w, http:\/\/psychoterapia.jestemija.pl\/wp-content\/uploads\/2019\/09\/Grow-up-logo-transparentne-2-223x300.png 223w, http:\/\/psychoterapia.jestemija.pl\/wp-content\/uploads\/2019\/09\/Grow-up-logo-transparentne-2-768x1032.png 768w, http:\/\/psychoterapia.jestemija.pl\/wp-content\/uploads\/2019\/09\/Grow-up-logo-transparentne-2-762x1024.png 762w\" sizes=\"auto, (max-width: 164px) 100vw, 164px\" \/><\/a><\/p>\n\n\n\n<p><a href=\"https:\/\/www.facebook.com\/jestemija\">Facebook Grow Up<\/a><\/p>\n\n\n\n<p><a href=\"https:\/\/www.global-english.pl\">Global English<\/a><\/p>\n\n\n\n<p><a href=\"https:\/\/natuli.pl\/\" target=\"_blank\" rel=\"noreferrer noopener\">Ksi\u0119garnia dla dzieci i rodzic\u00f3w (natuli.pl)<\/a><\/p>\n\n\n\n<p><a href=\"https:\/\/szczecindladzieci.net.pl\/\" target=\"_blank\" rel=\"noreferrer noopener\">Szczecin dla dzieci<\/a><\/p>\n\n\n\n<p><a href=\"https:\/\/pizza-plaza.pl\/pl\/\" target=\"_blank\" rel=\"noreferrer noopener\">Najlepsza w Pobierowie &#8211; Pizza Plaza (pizza-plaza.pl)<\/a><\/p>\n\n\n\n<p><a href=\"https:\/\/www.facebook.com\/kawiarniamozaika\/\" target=\"_blank\" rel=\"noreferrer noopener\">Mozaika<\/a><\/p>\n\n\n\n<p><a href=\"https:\/\/inspirowaniruchem.pl\/kontakt\/\" target=\"_blank\" rel=\"noreferrer noopener\">Inspirowani Ruchem<\/a><\/p>\n","protected":false},"excerpt":{"rendered":"<p>Growup &#8211; Centrum Zaj\u0119\u0107 Rozwojowych Facebook Grow Up Global English Ksi\u0119garnia dla dzieci i rodzic\u00f3w (natuli.pl) Szczecin dla dzieci Najlepsza w Pobierowie &#8211; Pizza Plaza (pizza-plaza.pl) Mozaika Inspirowani Ruchem<\/p>\n","protected":false},"author":1,"featured_media":0,"parent":0,"menu_order":0,"comment_status":"closed","ping_status":"closed","template":"","meta":{"ngg_post_thumbnail":0,"footnotes":""},"class_list":["post-85","page","type-page","status-publish","hentry"],"_links":{"self":[{"href":"http:\/\/psychoterapia.jestemija.pl\/index.php\/wp-json\/wp\/v2\/pages\/85","targetHints":{"allow":["GET"]}}],"collection":[{"href":"http:\/\/psychoterapia.jestemija.pl\/index.php\/wp-json\/wp\/v2\/pages"}],"about":[{"href":"http:\/\/psychoterapia.jestemija.pl\/index.php\/wp-json\/wp\/v2\/types\/page"}],"author":[{"embeddable":true,"href":"http:\/\/psychoterapia.jestemija.pl\/index.php\/wp-json\/wp\/v2\/users\/1"}],"replies":[{"embeddable":true,"href":"http:\/\/psychoterapia.jestemija.pl\/index.php\/wp-json\/wp\/v2\/comments?post=85"}],"version-history":[{"count":12,"href":"http:\/\/psychoterapia.jestemija.pl\/index.php\/wp-json\/wp\/v2\/pages\/85\/revisions"}],"predecessor-version":[{"id":1580,"href":"http:\/\/psychoterapia.jestemija.pl\/index.php\/wp-json\/wp\/v2\/pages\/85\/revisions\/1580"}],"wp:attachment":[{"href":"http:\/\/psychoterapia.jestemija.pl\/index.php\/wp-json\/wp\/v2\/media?parent=85"}],"curies":[{"name":"wp","href":"https:\/\/api.w.org\/{rel}","templated":true}]}}